{"id":587,"date":"2026-03-05T23:45:33","date_gmt":"2026-03-05T23:45:33","guid":{"rendered":"https:\/\/leathergoodsexperts.com\/?page_id=587"},"modified":"2026-03-11T09:29:45","modified_gmt":"2026-03-11T09:29:45","slug":"privacy-policy","status":"publish","type":"page","link":"https:\/\/leathergoodsexperts.com\/en\/privacy-policy\/","title":{"rendered":"Privacy Policy"},"content":{"rendered":"<div data-elementor-type=\"wp-page\" data-elementor-id=\"587\" class=\"elementor elementor-587\" data-elementor-post-type=\"page\">\n\t\t\t\t<div class=\"elementor-element elementor-element-ad198cf e-flex e-con-boxed e-con e-parent\" data-id=\"ad198cf\" data-element_type=\"container\" data-e-type=\"container\" data-settings=\"{&quot;background_background&quot;:&quot;classic&quot;}\">\n\t\t\t\t\t<div class=\"e-con-inner\">\n\t\t<div class=\"elementor-element elementor-element-47a447a e-con-full e-flex e-con e-child\" data-id=\"47a447a\" data-element_type=\"container\" data-e-type=\"container\">\n\t\t\t\t<div class=\"elementor-element elementor-element-388818a elementor-icon-list--layout-inline elementor-align-start elementor-list-item-link-full_width elementor-widget elementor-widget-icon-list\" data-id=\"388818a\" data-element_type=\"widget\" data-e-type=\"widget\" data-widget_type=\"icon-list.default\">\n\t\t\t\t\t\t\t<ul class=\"elementor-icon-list-items elementor-inline-items\">\n\t\t\t\t\t\t\t<li class=\"elementor-icon-list-item elementor-inline-item\">\n\t\t\t\t\t\t\t\t\t\t\t<a href=\"https:\/\/leathergoodsexperts.com\/en\">\n\n\t\t\t\t\t\t\t\t\t\t\t<span class=\"elementor-icon-list-text\">Home<\/span>\n\t\t\t\t\t\t\t\t\t\t\t<\/a>\n\t\t\t\t\t\t\t\t\t<\/li>\n\t\t\t\t\t\t\t\t<li class=\"elementor-icon-list-item elementor-inline-item\">\n\t\t\t\t\t\t\t\t\t\t\t<span class=\"elementor-icon-list-icon\">\n\t\t\t\t\t\t\t<svg aria-hidden=\"true\" class=\"e-font-icon-svg e-fas-chevron-right\" viewbox=\"0 0 320 512\" xmlns=\"http:\/\/www.w3.org\/2000\/svg\"><path d=\"M285.476 272.971L91.132 467.314c-9.373 9.373-24.569 9.373-33.941 0l-22.667-22.667c-9.357-9.357-9.375-24.522-.04-33.901L188.505 256 34.484 101.255c-9.335-9.379-9.317-24.544.04-33.901l22.667-22.667c9.373-9.373 24.569-9.373 33.941 0L285.475 239.03c9.373 9.372 9.373 24.568.001 33.941z\"><\/path><\/svg>\t\t\t\t\t\t<\/span>\n\t\t\t\t\t\t\t\t\t\t<span class=\"elementor-icon-list-text\"><\/span>\n\t\t\t\t\t\t\t\t\t<\/li>\n\t\t\t\t\t\t<\/ul>\n\t\t\t\t\t\t<\/div>\n\t\t\t\t<div class=\"elementor-element elementor-element-5aca65a elementor-widget-divider--view-line elementor-widget elementor-widget-divider\" data-id=\"5aca65a\" data-element_type=\"widget\" data-e-type=\"widget\" data-widget_type=\"divider.default\">\n\t\t\t\t\t\t\t<div class=\"elementor-divider\">\n\t\t\t<span class=\"elementor-divider-separator\">\n\t\t\t\t\t\t<\/span>\n\t\t<\/div>\n\t\t\t\t\t\t<\/div>\n\t\t\t\t<div class=\"elementor-element elementor-element-ea92865 elementor-invisible elementor-widget elementor-widget-heading\" data-id=\"ea92865\" data-element_type=\"widget\" data-e-type=\"widget\" data-settings=\"{&quot;_animation&quot;:&quot;fadeInLeft&quot;,&quot;_animation_delay&quot;:360}\" data-widget_type=\"heading.default\">\n\t\t\t\t\t<h2 class=\"elementor-heading-title elementor-size-default\">\u201cCrafts are part of our life\u201d.\nof our life\".\u201d<\/h2>\t\t\t\t<\/div>\n\t\t\t\t<\/div>\n\t\t\t\t\t<\/div>\n\t\t\t\t<\/div>\n\t\t<div class=\"elementor-element elementor-element-435e7d6 e-flex e-con-boxed e-con e-parent\" data-id=\"435e7d6\" data-element_type=\"container\" data-e-type=\"container\">\n\t\t\t\t\t<div class=\"e-con-inner\">\n\t\t\t\t<div class=\"elementor-element elementor-element-801d6da elementor-widget elementor-widget-text-editor\" data-id=\"801d6da\" data-element_type=\"widget\" data-e-type=\"widget\" data-widget_type=\"text-editor.default\">\n\t\t\t\t\t\t\t\t\t<p data-start=\"779\" data-end=\"969\">This privacy statement was last updated on <strong data-start=\"841\" data-end=\"864\">29 January 2026<\/strong> and applies to the citizens and legal permanent residents of the <strong data-start=\"931\" data-end=\"968\">European Economic Area and Switzerland<\/strong>.<\/p><p data-start=\"971\" data-end=\"1123\">In this privacy statement we explain what we do with the data we collect about you through <strong data-start=\"1083\" data-end=\"1122\"><a class=\"decorated-link\" href=\"https:\/\/leathergoodsexperts.com\/en\" target=\"_new\" rel=\"noopener\" data-start=\"1085\" data-end=\"1120\">https:\/\/www.leathergoodsexperts.com<\/a><\/strong>.<\/p><p data-start=\"1125\" data-end=\"1307\">We recommend that you read this statement carefully. In our processing we comply with the requirements of privacy legislation, which means, among other things, that:<\/p><ul data-start=\"1309\" data-end=\"1729\"><li data-section-id=\"fdt6jz\" data-start=\"1309\" data-end=\"1389\"><p data-start=\"1311\" data-end=\"1389\">we clearly indicate the purposes for which we process personal data;<\/p><\/li><li data-section-id=\"vpiqxk\" data-start=\"1390\" data-end=\"1489\"><p data-start=\"1392\" data-end=\"1489\">we limit our collection of personal data to data necessary for legitimate purposes;<\/p><\/li><li data-section-id=\"1lm6ar\" data-start=\"1490\" data-end=\"1554\"><p data-start=\"1492\" data-end=\"1554\">we seek your explicit consent where necessary;<\/p><\/li><li data-section-id=\"1pxh20w\" data-start=\"1555\" data-end=\"1633\"><p data-start=\"1557\" data-end=\"1633\">we take appropriate security measures to protect your personal data;<\/p><\/li><li data-section-id=\"q8sbpk\" data-start=\"1634\" data-end=\"1729\"><p data-start=\"1636\" data-end=\"1729\">we respect your right to access, rectify or delete your personal data upon request.<\/p><\/li><\/ul><p data-start=\"1731\" data-end=\"1849\">If you have any questions or would like to know exactly what data we store about you, please contact us.<\/p><h2 data-section-id=\"wexv4p\" data-start=\"1856\" data-end=\"1905\">\u00a0<\/h2><h4 data-section-id=\"wexv4p\" data-start=\"1856\" data-end=\"1905\"><strong data-start=\"1859\" data-end=\"1905\">1. Purpose, data and retention period<\/strong><\/h4><p data-start=\"1907\" data-end=\"2017\">We may collect or receive personal information for purposes related to our business activities:<\/p><h5 data-section-id=\"sk6kt7\" data-start=\"2019\" data-end=\"2104\"><strong data-start=\"2023\" data-end=\"2104\">1.1 Contact - By telephone, email and\/or website forms<\/strong><\/h5><p data-start=\"2106\" data-end=\"2125\"><strong data-start=\"2106\" data-end=\"2125\">Data processed:<\/strong><\/p><ul data-start=\"2126\" data-end=\"2184\"><li data-section-id=\"11yxpil\" data-start=\"2126\" data-end=\"2148\"><p data-start=\"2128\" data-end=\"2148\">Name and surname<\/p><\/li><li data-section-id=\"1huh6s0\" data-start=\"2149\" data-end=\"2184\"><p data-start=\"2151\" data-end=\"2184\">E-mail address<\/p><\/li><\/ul><p data-start=\"2186\" data-end=\"2234\"><strong data-start=\"2186\" data-end=\"2201\">Legal basis:<\/strong><br data-start=\"2201\" data-end=\"2204\" \/>Consent of the data subject.<\/p><p data-start=\"2236\" data-end=\"2352\"><strong data-start=\"2236\" data-end=\"2261\">Retention period:<\/strong><br data-start=\"2261\" data-end=\"2264\" \/>The data will be retained until the service is cancelled or deletion is requested.<\/p><h2 data-section-id=\"duy7i\" data-start=\"2359\" data-end=\"2376\">\u00a0<\/h2><h4 data-section-id=\"duy7i\" data-start=\"2359\" data-end=\"2376\"><strong data-start=\"2362\" data-end=\"2376\">2. Cookies<\/strong><\/h4><p data-start=\"2377\" data-end=\"2491\">Our website uses cookies. For further information about cookies, please see our <strong data-start=\"2467\" data-end=\"2490\">Cookie Policy<\/strong>.<\/p><h2 data-section-id=\"1hdlrk6\" data-start=\"2498\" data-end=\"2532\">\u00a0<\/h2><h4 data-section-id=\"1hdlrk6\" data-start=\"2498\" data-end=\"2532\"><strong data-start=\"2501\" data-end=\"2532\">3. Outreach practices<\/strong><\/h4><p data-start=\"2533\" data-end=\"2710\">We disclose personal information if we are required to do so by law or court order, in response to a competent body, to the extent permitted by other legal provisions.<\/p><p data-start=\"2712\" data-end=\"2888\">If our website or our company is acquired, sold or involved in a merger or acquisition, your data may be disclosed to advisers and the new owners.<\/p><h2 data-section-id=\"14det8h\" data-start=\"2895\" data-end=\"2914\">\u00a0<\/h2><h4 data-section-id=\"14det8h\" data-start=\"2895\" data-end=\"2914\"><strong data-start=\"2898\" data-end=\"2914\">4. Security<\/strong><\/h4><p data-start=\"2915\" data-end=\"3181\">We are committed to the security of personal data. We take appropriate technical and organisational measures to limit unauthorised access, misuse or loss of personal data. Only authorised persons have access to the information.<\/p><h2 data-section-id=\"azpkpj\" data-start=\"3188\" data-end=\"3214\">\u00a0<\/h2><h4 data-section-id=\"azpkpj\" data-start=\"3188\" data-end=\"3214\"><strong data-start=\"3191\" data-end=\"3214\">5. Third-party websites<\/strong><\/h4><p data-start=\"3215\" data-end=\"3431\">This privacy statement does not apply to third party websites linked to our website. We cannot guarantee that these third parties handle personal data reliably or securely.<\/p><h2 data-section-id=\"1yo0t8d\" data-start=\"3438\" data-end=\"3496\">\u00a0<\/h2><h4 data-section-id=\"1yo0t8d\" data-start=\"3438\" data-end=\"3496\"><strong data-start=\"3441\" data-end=\"3496\">6. Changes to this privacy statement<\/strong><\/h4><p data-start=\"3497\" data-end=\"3648\">We reserve the right to modify this privacy statement. We recommend that you review it periodically so that you are aware of any changes.<\/p><h2 data-section-id=\"j19pgx\" data-start=\"3655\" data-end=\"3699\">\u00a0<\/h2><h4 data-section-id=\"j19pgx\" data-start=\"3655\" data-end=\"3699\"><strong data-start=\"3658\" data-end=\"3699\">7. Accessing and modifying your data<\/strong><\/h4><p data-start=\"3700\" data-end=\"3722\">You have the right to:<\/p><ul data-start=\"3724\" data-end=\"4077\"><li data-section-id=\"1wrbpn4\" data-start=\"3724\" data-end=\"3817\"><p data-start=\"3726\" data-end=\"3817\">know why your personal data is needed and for how long it will be kept;<\/p><\/li><li data-section-id=\"1krne2f\" data-start=\"3818\" data-end=\"3869\"><p data-start=\"3820\" data-end=\"3869\">access the personal data we hold;<\/p><\/li><li data-section-id=\"1b4v3il\" data-start=\"3870\" data-end=\"3907\"><p data-start=\"3872\" data-end=\"3907\">rectify or complete their data;<\/p><\/li><li data-section-id=\"1atxb2k\" data-start=\"3908\" data-end=\"3963\"><p data-start=\"3910\" data-end=\"3963\">request the deletion of data where appropriate;<\/p><\/li><li data-section-id=\"1t9g2m0\" data-start=\"3964\" data-end=\"4015\"><p data-start=\"3966\" data-end=\"4015\">withdraw your consent at any time;<\/p><\/li><li data-section-id=\"1mup6yk\" data-start=\"4016\" data-end=\"4077\"><p data-start=\"4018\" data-end=\"4077\">object to the processing of your data on legitimate grounds.<\/p><\/li><\/ul><p data-start=\"4079\" data-end=\"4142\">In order to exercise these rights, you must identify yourself properly.<\/p><h2 data-section-id=\"nl3qhh\" data-start=\"4149\" data-end=\"4183\">\u00a0<\/h2><h4 data-section-id=\"nl3qhh\" data-start=\"4149\" data-end=\"4183\"><strong data-start=\"4152\" data-end=\"4183\">8. Submitting a complaint<\/strong><\/h4><p data-start=\"4184\" data-end=\"4371\">If you are dissatisfied with the way in which we handle or process your personal data, you have the right to lodge a complaint to the <strong data-start=\"4320\" data-end=\"4370\">Spanish Data Protection Agency (AEPD)<\/strong>.<\/p><h4 data-section-id=\"1fiw1u9\" data-start=\"4378\" data-end=\"4405\">\u00a0<\/h4><h4 data-section-id=\"1fiw1u9\" data-start=\"4378\" data-end=\"4405\"><strong data-start=\"4381\" data-end=\"4405\">9. Contact details<\/strong><\/h4><p data-start=\"4407\" data-end=\"4598\"><strong data-start=\"4407\" data-end=\"4438\">Leather Goods Experts, S.L.<\/strong><br data-start=\"4438\" data-end=\"4441\" \/>C\/ San Nicol\u00e1s, n\u00ba 17, 3\u00baB<br data-start=\"4467\" data-end=\"4470\" \/>29016 Malaga<br data-start=\"4482\" data-end=\"4485\" \/>Spain<br data-start=\"4491\" data-end=\"4494\" \/>E-mail: <strong data-start=\"4514\" data-end=\"4548\"><a class=\"decorated-link cursor-pointer\" rel=\"noopener\" data-start=\"4516\" data-end=\"4546\">javier@leathergoodsexperts.com<\/a><\/strong><br data-start=\"4548\" data-end=\"4551\" \/>Telephone: <strong data-start=\"4561\" data-end=\"4577\">952 22 01 75<\/strong><br data-start=\"4577\" data-end=\"4580\" \/>CIF: <strong data-start=\"4585\" data-end=\"4598\">B93513372<\/strong><\/p>\t\t\t\t\t\t\t\t<\/div>\n\t\t\t\t\t<\/div>\n\t\t\t\t<\/div>\n\t\t\t\t<\/div>","protected":false},"excerpt":{"rendered":"<p>Inicio \u201cLa artesan\u00eda forma parte de nuestra vida\u201d Esta declaraci\u00f3n de privacidad se actualiz\u00f3 por \u00faltima vez el 29 de enero de 2026 y se aplica a los ciudadanos y residentes legales permanentes del Espacio Econ\u00f3mico Europeo y Suiza. En esta declaraci\u00f3n de privacidad explicamos lo que hacemos con los datos que obtenemos sobre usted [&hellip;]<\/p>\n","protected":false},"author":1,"featured_media":0,"parent":0,"menu_order":0,"comment_status":"closed","ping_status":"closed","template":"","meta":{"footnotes":""},"class_list":["post-587","page","type-page","status-publish","hentry"],"_links":{"self":[{"href":"https:\/\/leathergoodsexperts.com\/en\/wp-json\/wp\/v2\/pages\/587","targetHints":{"allow":["GET"]}}],"collection":[{"href":"https:\/\/leathergoodsexperts.com\/en\/wp-json\/wp\/v2\/pages"}],"about":[{"href":"https:\/\/leathergoodsexperts.com\/en\/wp-json\/wp\/v2\/types\/page"}],"author":[{"embeddable":true,"href":"https:\/\/leathergoodsexperts.com\/en\/wp-json\/wp\/v2\/users\/1"}],"replies":[{"embeddable":true,"href":"https:\/\/leathergoodsexperts.com\/en\/wp-json\/wp\/v2\/comments?post=587"}],"version-history":[{"count":7,"href":"https:\/\/leathergoodsexperts.com\/en\/wp-json\/wp\/v2\/pages\/587\/revisions"}],"predecessor-version":[{"id":675,"href":"https:\/\/leathergoodsexperts.com\/en\/wp-json\/wp\/v2\/pages\/587\/revisions\/675"}],"wp:attachment":[{"href":"https:\/\/leathergoodsexperts.com\/en\/wp-json\/wp\/v2\/media?parent=587"}],"curies":[{"name":"wp","href":"https:\/\/api.w.org\/{rel}","templated":true}]}}